{"id":3,"date":"2025-01-15T10:31:08","date_gmt":"2025-01-15T10:31:08","guid":{"rendered":"https:\/\/www.tgorservices.com\/?page_id=3"},"modified":"2025-01-15T14:18:38","modified_gmt":"2025-01-15T14:18:38","slug":"privacy-policy","status":"publish","type":"page","link":"https:\/\/www.tgorservices.com\/index.php\/privacy-policy\/","title":{"rendered":"Datenschutzhinweise"},"content":{"rendered":"\n<p>Wir THE GATE OF REWARD LIMITED, nehmen den Schutz Ihrer personenbezogenen Daten ernst und m\u00f6chten Sie \u00fcber die Verarbeitung Ihrer Daten im Rahmen der Nutzung unserer Webseite informieren.<\/p>\n\n\n\n<ol start=\"1\" class=\"wp-block-list\">\n<li><strong>Verantwortlicher<\/strong><\/li>\n<\/ol>\n\n\n\n<p>Verantwortlich f\u00fcr die Datenverarbeitung ist: THE GATE OF REWARD LIMITED Gesch\u00e4ftsf\u00fchrer: Ali Inan<br>Suite 33, Fitzwilliam Street Lower<br>Dublin 2 | D02 XT91 | Irland<br>Handelsregister: Clifton House | 772252<br>Telefon: +4915679057492<br>E-Mail: ecirinternational@gmail.com<\/p>\n\n\n\n<ol start=\"2\" class=\"wp-block-list\">\n<li><strong>Zugriffsdaten und Hosting<\/strong><\/li>\n<\/ol>\n\n\n\n<p>Bei jedem Aufruf unserer Webseite werden automatisch Zugriffsdaten in sogenannten Server-Logfiles gespeichert. Diese Daten umfassen:<\/p>\n\n\n\n<ul class=\"wp-block-list\">\n<li>IP-Adresse des anfragenden Endger\u00e4ts,<\/li>\n\n\n\n<li>Datum und Uhrzeit des Zugriffs,<\/li>\n\n\n\n<li>Name und URL der abgerufenen Datei,<\/li>\n\n\n\n<li>Webseite, von der aus der Zugriff erfolgte (Referrer-URL),<\/li>\n\n\n\n<li>verwendeter Browser und ggf. das Betriebssystem Ihres Endger\u00e4ts.<\/li>\n<\/ul>\n\n\n\n<p>Die Verarbeitung erfolgt, um den Betrieb der Webseite sicherzustellen und erfolgt auf Grundlage von Art. 6 Abs. 1 lit. f DSGVO. Unser berechtigtes Interesse liegt in der Bereitstellung einer funktionsf\u00e4higen und sicheren Webseite. Diese Daten werden nicht verwendet, um R\u00fcckschl\u00fcsse auf Ihre Person zu ziehen.<\/p>\n\n\n\n<ol start=\"3\" class=\"wp-block-list\">\n<li><strong>Kontaktaufnahme<\/strong><\/li>\n<\/ol>\n\n\n\n<p>Wenn Sie uns per E-Mail oder Telefon kontaktieren, werden die von Ihnen mitgeteilten Daten (z. B. Name, E-Mail-Adresse, Telefonnummer) von uns verarbeitet, um Ihre Anfrage zu bearbeiten. Die Rechtsgrundlage hierf\u00fcr ist Art. 6 Abs. 1 lit. b DSGVO (Vertragserf\u00fcllung bzw. vorvertragliche Ma\u00dfnahmen).<\/p>\n\n\n\n<ol start=\"4\" class=\"wp-block-list\">\n<li><strong>Cookies und Analysetools<\/strong><\/li>\n<\/ol>\n\n\n\n<p>Unsere Webseite verwendet keine Cookies oder Analysetools.<\/p>\n\n\n\n<ol start=\"5\" class=\"wp-block-list\">\n<li><strong>Weitergabe von Daten<\/strong><\/li>\n<\/ol>\n\n\n\n<p>Eine Weitergabe Ihrer Daten an Dritte erfolgt nicht, es sei denn, dies ist gesetzlich vorgeschrieben oder zur Bearbeitung Ihrer Anfrage erforderlich.<\/p>\n\n\n\n<ol start=\"6\" class=\"wp-block-list\">\n<li><strong>Ihre Rechte<\/strong><\/li>\n<\/ol>\n\n\n\n<p>Sie haben folgende Rechte hinsichtlich Ihrer personenbezogenen Daten:<\/p>\n\n\n\n<ul class=\"wp-block-list\">\n<li>Recht auf Auskunft (Art. 15 DSGVO),<\/li>\n\n\n\n<li>Recht auf Berichtigung (Art. 16 DSGVO),<\/li>\n\n\n\n<li>Recht auf L\u00f6schung (Art. 17 DSGVO),<\/li>\n\n\n\n<li>Recht auf Einschr\u00e4nkung der Verarbeitung (Art. 18 DSGVO),<\/li>\n\n\n\n<li>Recht auf Daten\u00fcbertragbarkeit (Art. 20 DSGVO),<\/li>\n\n\n\n<li>Recht auf Widerspruch gegen die Verarbeitung (Art. 21 DSGVO).<\/li>\n<\/ul>\n\n\n\n<p>Zur Aus\u00fcbung Ihrer Rechte k\u00f6nnen Sie uns unter den oben genannten Kontaktdaten erreichen. Zudem haben Sie das Recht, sich bei einer Aufsichtsbeh\u00f6rde zu beschweren.<\/p>\n\n\n\n<ol start=\"7\" class=\"wp-block-list\">\n<li><strong>Aktualit\u00e4t und \u00c4nderung dieser Datenschutzhinweise<\/strong><\/li>\n<\/ol>\n\n\n\n<p>Diese Datenschutzhinweise sind aktuell g\u00fcltig und haben den Stand Januar 2025. Wir behalten uns vor, die Datenschutzhinweise bei Bedarf anzupassen, um \u00c4nderungen von rechtlichen Vorgaben oder unserer Datenverarbeitung zu ber\u00fccksichtigen.<\/p>\n\n\n\n<p><\/p>\n","protected":false},"excerpt":{"rendered":"<p>Wir THE GATE OF REWARD LIMITED, nehmen den Schutz Ihrer personenbezogenen Daten ernst und m\u00f6chten Sie \u00fcber die Verarbeitung Ihrer Daten im Rahmen der Nutzung unserer Webseite informieren. Verantwortlich f\u00fcr die Datenverarbeitung ist: THE GATE OF REWARD LIMITED Gesch\u00e4ftsf\u00fchrer: Ali InanSuite 33, Fitzwilliam Street LowerDublin 2 | D02 XT91 | IrlandHandelsregister: Clifton House | 772252Telefon: [&hellip;]<\/p>\n","protected":false},"author":1,"featured_media":0,"parent":0,"menu_order":0,"comment_status":"closed","ping_status":"open","template":"","meta":{"footnotes":""},"class_list":["post-3","page","type-page","status-publish","hentry"],"_links":{"self":[{"href":"https:\/\/www.tgorservices.com\/index.php\/wp-json\/wp\/v2\/pages\/3","targetHints":{"allow":["GET"]}}],"collection":[{"href":"https:\/\/www.tgorservices.com\/index.php\/wp-json\/wp\/v2\/pages"}],"about":[{"href":"https:\/\/www.tgorservices.com\/index.php\/wp-json\/wp\/v2\/types\/page"}],"author":[{"embeddable":true,"href":"https:\/\/www.tgorservices.com\/index.php\/wp-json\/wp\/v2\/users\/1"}],"replies":[{"embeddable":true,"href":"https:\/\/www.tgorservices.com\/index.php\/wp-json\/wp\/v2\/comments?post=3"}],"version-history":[{"count":5,"href":"https:\/\/www.tgorservices.com\/index.php\/wp-json\/wp\/v2\/pages\/3\/revisions"}],"predecessor-version":[{"id":78,"href":"https:\/\/www.tgorservices.com\/index.php\/wp-json\/wp\/v2\/pages\/3\/revisions\/78"}],"wp:attachment":[{"href":"https:\/\/www.tgorservices.com\/index.php\/wp-json\/wp\/v2\/media?parent=3"}],"curies":[{"name":"wp","href":"https:\/\/api.w.org\/{rel}","templated":true}]}}