{"id":67,"date":"2025-01-15T14:07:34","date_gmt":"2025-01-15T14:07:34","guid":{"rendered":"https:\/\/www.tgorservices.com\/?page_id=67"},"modified":"2025-01-15T14:13:57","modified_gmt":"2025-01-15T14:13:57","slug":"ueber-uns","status":"publish","type":"page","link":"https:\/\/www.tgorservices.com\/index.php\/ueber-uns\/","title":{"rendered":"\u00dcber Uns"},"content":{"rendered":"\n<p>Willkommen bei TGOR Services! Wir sind ein junges, dynamisches Unternehmen, das sich auf Logistik, Transporte und spezialisierte Dienstleistungen in ganz Europa fokussiert. Mit innovativen L\u00f6sungen, einem starken Netzwerk und einem engagierten Team bieten wir Ihnen ma\u00dfgeschneiderte Services, die Ihre individuellen Anforderungen erf\u00fcllen.<\/p>\n\n\n\n<p>Unser Ziel ist es, nicht nur Ihre Fracht sicher und p\u00fcnktlich ans Ziel zu bringen, sondern Ihnen durch unsere Expertise und Zuverl\u00e4ssigkeit einen echten Mehrwert zu bieten. Ob St\u00fcckgut, Spezialtransporte, Lagerlogistik oder Zollabfertigung \u2013 bei uns erhalten Sie alles aus einer Hand. Gemeinsam gestalten wir Logistikl\u00f6sungen, die \u00fcberzeugen!<\/p>\n\n\n\n<p><\/p>\n","protected":false},"excerpt":{"rendered":"<p>Willkommen bei TGOR Services! Wir sind ein junges, dynamisches Unternehmen, das sich auf Logistik, Transporte und spezialisierte Dienstleistungen in ganz Europa fokussiert. Mit innovativen L\u00f6sungen, einem starken Netzwerk und einem engagierten Team bieten wir Ihnen ma\u00dfgeschneiderte Services, die Ihre individuellen Anforderungen erf\u00fcllen. Unser Ziel ist es, nicht nur Ihre Fracht sicher und p\u00fcnktlich ans Ziel [&hellip;]<\/p>\n","protected":false},"author":1,"featured_media":0,"parent":0,"menu_order":0,"comment_status":"closed","ping_status":"closed","template":"","meta":{"footnotes":""},"class_list":["post-67","page","type-page","status-publish","hentry"],"_links":{"self":[{"href":"https:\/\/www.tgorservices.com\/index.php\/wp-json\/wp\/v2\/pages\/67","targetHints":{"allow":["GET"]}}],"collection":[{"href":"https:\/\/www.tgorservices.com\/index.php\/wp-json\/wp\/v2\/pages"}],"about":[{"href":"https:\/\/www.tgorservices.com\/index.php\/wp-json\/wp\/v2\/types\/page"}],"author":[{"embeddable":true,"href":"https:\/\/www.tgorservices.com\/index.php\/wp-json\/wp\/v2\/users\/1"}],"replies":[{"embeddable":true,"href":"https:\/\/www.tgorservices.com\/index.php\/wp-json\/wp\/v2\/comments?post=67"}],"version-history":[{"count":4,"href":"https:\/\/www.tgorservices.com\/index.php\/wp-json\/wp\/v2\/pages\/67\/revisions"}],"predecessor-version":[{"id":74,"href":"https:\/\/www.tgorservices.com\/index.php\/wp-json\/wp\/v2\/pages\/67\/revisions\/74"}],"wp:attachment":[{"href":"https:\/\/www.tgorservices.com\/index.php\/wp-json\/wp\/v2\/media?parent=67"}],"curies":[{"name":"wp","href":"https:\/\/api.w.org\/{rel}","templated":true}]}}